{"id":30127,"date":"2026-03-16T15:40:16","date_gmt":"2026-03-16T13:40:16","guid":{"rendered":"http:\/\/modularhome.ee.dedi7782.your-server.de\/?p=30127"},"modified":"2026-03-28T11:58:46","modified_gmt":"2026-03-28T09:58:46","slug":"ukk","status":"publish","type":"page","link":"https:\/\/modularhome.ee\/fi\/ukk\/","title":{"rendered":"UKK"},"content":{"rendered":"\t\t<div data-elementor-type=\"wp-page\" data-elementor-id=\"30127\" class=\"elementor elementor-30127 elementor-29643\">\n\t\t\t\t<div class=\"wd-negative-gap elementor-element elementor-element-386b6c6 e-flex e-con-boxed e-con e-parent\" data-id=\"386b6c6\" data-element_type=\"container\" data-e-type=\"container\">\n\t\t\t\t\t<div class=\"e-con-inner\">\n\t\t\t\t<div class=\"elementor-element elementor-element-e5344f4 wd-width-100 elementor-widget elementor-widget-wd_title\" data-id=\"e5344f4\" data-element_type=\"widget\" data-e-type=\"widget\" data-widget_type=\"wd_title.default\">\n\t\t\t\t<div class=\"elementor-widget-container\">\n\t\t\t\t\t\t\t<div class=\"title-wrapper wd-set-mb reset-last-child wd-title-color-primary wd-title-style-default wd-title-size-large text-center\">\n\n\t\t\t\n\t\t\t<div class=\"liner-continer\">\n\t\t\t\t<h1 class=\"woodmart-title-container title wd-fontsize-xxl\">Usein Kysytyt Kysymykset<\/h1> \n\t\t\t\t\t\t\t<\/div>\n\n\t\t\t\t\t<\/div>\n\t\t\t\t\t\t<\/div>\n\t\t\t\t<\/div>\n\t\t\t\t<div class=\"elementor-element elementor-element-9190116 elementor-widget elementor-widget-html\" data-id=\"9190116\" data-element_type=\"widget\" data-e-type=\"widget\" data-widget_type=\"html.default\">\n\t\t\t\t\t<div class=\"faq-container\">\r\n\r\n<div class=\"faq-item active\">\r\n<div class=\"faq-question\">Vastaavatko moduulitalot Viron rakennusm\u00e4\u00e4r\u00e4yksi\u00e4?<\/div>\r\n<div class=\"faq-answer\">\r\nKyll\u00e4. Moduulitalomme suunnitellaan ja valmistetaan voimassa olevien Viron ja Euroopan unionin rakennusm\u00e4\u00e4r\u00e4ysten ja standardien mukaisesti. Tarvittaessa mukautamme ratkaisut paikallisten vaatimusten ja viranomaisten ehtojen mukaisiksi.\r\n<\/div>\r\n<\/div>\r\n\r\n<div class=\"faq-item\">\r\n<div class=\"faq-question\">Mik\u00e4 on moduulitalon k\u00e4ytt\u00f6ik\u00e4?<\/div>\r\n<div class=\"faq-answer\">\r\nModuulitalon k\u00e4ytt\u00f6ik\u00e4 on verrattavissa perinteiseen taloon. Vahva metallirunko, laadukkaat materiaalit ja tehtaassa valvottu tuotantoprosessi takaavat kest\u00e4v\u00e4n ja pitk\u00e4ik\u00e4isen ratkaisun.\r\n<\/div>\r\n<\/div>\r\n\r\n<div class=\"faq-item\">\r\n<div class=\"faq-question\">Soveltuvatko moduulit sek\u00e4 asumiseen ett\u00e4 toimistok\u00e4ytt\u00f6\u00f6n?<\/div>\r\n<div class=\"faq-answer\">\r\nKyll\u00e4. Moduulit soveltuvat sek\u00e4 asuintiloiksi ett\u00e4 toimisto- ja liiketiloiksi, ja niit\u00e4 voidaan muokata k\u00e4ytt\u00f6tarkoituksen mukaan.\r\n<\/div>\r\n<\/div>\r\n\r\n<div class=\"faq-item\">\r\n<div class=\"faq-question\">Miss\u00e4 moduulitalot valmistetaan?<\/div>\r\n<div class=\"faq-answer\">\r\nModuulitalomme valmistetaan modernissa tehtaassa Puolassa, jossa koko tuotantoprosessi tapahtuu valvotuissa olosuhteissa.\r\n<\/div>\r\n<\/div>\r\n\r\n<div class=\"faq-item\">\r\n<div class=\"faq-question\">Millainen rakenne moduulitaloissa on?<\/div>\r\n<div class=\"faq-answer\">\r\nModuulitalot rakennetaan vahvalle metallirungolle, joka on suunniteltu kest\u00e4m\u00e4\u00e4n kuljetusta ja nosturiasennusta. Rakenne takaa rakennuksen vakauden, turvallisuuden ja pitk\u00e4n k\u00e4ytt\u00f6i\u00e4n.\r\n<\/div>\r\n<\/div>\r\n\r\n<div class=\"faq-item\">\r\n<div class=\"faq-question\">Mist\u00e4 moduulitalot on valmistettu?<\/div>\r\n<div class=\"faq-answer\">\r\nModuulitalomme rakennetaan vahvalle metallirungolle, joka on valmistettu suljetusta ter\u00e4sprofiilista (100\u00d750\u00d73 mm) ja pinnoitettu korroosionestomaalilla.\r\nSein\u00e4t, katot ja yl\u00e4pohja tehd\u00e4\u00e4n tehtaalla valmistetuista sandwich-paneeleista, joissa on PIR-eriste (100 mm, 120 mm tai enemm\u00e4n). T\u00e4m\u00e4 rakenne takaa lujuuden, energiatehokkuuden ja pitk\u00e4n k\u00e4ytt\u00f6i\u00e4n.\r\n<\/div>\r\n<\/div>\r\n\r\n<div class=\"faq-item\">\r\n<div class=\"faq-question\">Millaiset ikkunat ja ovet moduulitaloissa on?<\/div>\r\n<div class=\"faq-answer\">\r\nModuulitalot on varustettu l\u00e4mp\u00f6eristetyill\u00e4 alumiiniprofiili-ikkunoilla ja -ovilla sek\u00e4 kolminkertaisella lasituksella, jotka takaavat hyv\u00e4n l\u00e4mm\u00f6neristyksen, kest\u00e4vyyden ja modernin ulkon\u00e4\u00f6n.\r\n<\/div>\r\n<\/div>\r\n\r\n<div class=\"faq-item\">\r\n<div class=\"faq-question\">Toimitetaanko moduulitalot valmiina vai kootaanko ne paikan p\u00e4\u00e4ll\u00e4?<\/div>\r\n<div class=\"faq-answer\">\r\nModuulit valmistetaan valmiiksi tehtaassa ja kuljetetaan asiakkaan tontille. Yksitt\u00e4inen moduuli asennetaan paikalleen kokonaisena ilman lis\u00e4kokoonpanoa.\r\n<\/div>\r\n<\/div>\r\n\r\n<div class=\"faq-item\">\r\n<div class=\"faq-question\">Mit\u00e4 vakiovarustukseen kuuluu?<\/div>\r\n<div class=\"faq-answer\">\r\nVakiovarustukseen kuuluu:<br>\r\n - sandwich-paneeleista valmistettu moduuli, jossa ikkunat ja ovi<br>\r\n - eristetty lattia<br>\r\n - s\u00e4hk\u00f6j\u00e4rjestelm\u00e4 (s\u00e4hk\u00f6keskus, pistorasiat, LED-valaisimet, kytkin)<br>\r\n - ilmanvaihtoritil\u00e4t<br>\r\n - valmiit sis\u00e4- ja ulkopinnat<br>\r\nTarkka varustelu riippuu valitusta mallista ja projektista.\r\n<\/div>\r\n<\/div>\r\n\r\n<div class=\"faq-item\">\r\n<div class=\"faq-question\">Miten moduulitalo eroaa perinteisest\u00e4 talosta?<\/div>\r\n<div class=\"faq-answer\">\r\nSuurin ero on tuotantoprosessissa. Moduulitalo valmistetaan tehtaassa, mik\u00e4 takaa tasaisen laadun, lyhyemm\u00e4n rakennusajan, v\u00e4hemm\u00e4n s\u00e4\u00e4olosuhteiden aiheuttamia viiv\u00e4styksi\u00e4 sek\u00e4 kilpailukykyisemm\u00e4n hinnan.\r\n<\/div>\r\n<\/div>\r\n\r\n<div class=\"faq-item\">\r\n<div class=\"faq-question\">Sopiiko moduulitalo ymp\u00e4rivuotiseen k\u00e4ytt\u00f6\u00f6n?<\/div>\r\n<div class=\"faq-answer\">\r\nKyll\u00e4. Moduulitalot ovat energiatehokkaita ja hyvin eristettyj\u00e4, joten ne soveltuvat mukavaan k\u00e4ytt\u00f6\u00f6n ymp\u00e4ri vuoden.\r\n<\/div>\r\n<\/div>\r\n\r\n<div class=\"faq-item\">\r\n<div class=\"faq-question\">Kuinka pitk\u00e4 toimitusaika on?<\/div>\r\n<div class=\"faq-answer\">\r\nToimitusaika riippuu talon koosta ja valituista lis\u00e4varusteista.\r\nTyhj\u00e4t moduulit alkaen 4 viikosta, avaimet k\u00e4teen -ratkaisut alkaen 8 viikosta.\r\n<\/div>\r\n<\/div>\r\n\r\n<div class=\"faq-item\">\r\n<div class=\"faq-question\">Kuinka kauan asennus kest\u00e4\u00e4?<\/div>\r\n<div class=\"faq-answer\">\r\nAsennus tontilla kest\u00e4\u00e4 yleens\u00e4 1\u20134 p\u00e4iv\u00e4\u00e4 rakennuksen koosta ja monimutkaisuudesta riippuen.\r\n<\/div>\r\n<\/div>\r\n\r\n<div class=\"faq-item\">\r\n<div class=\"faq-question\">Millainen perustus tarvitaan?<\/div>\r\n<div class=\"faq-answer\">\r\nPerustustyyppi riippuu rakennuksesta ja tontista. Yleisimpi\u00e4 ovat laatta-, nauha- ja paaluperustus. Autamme sopivan ratkaisun valinnassa.\r\n<\/div>\r\n<\/div>\r\n\r\n<div class=\"faq-item\">\r\n<div class=\"faq-question\">Voiko asennuksen tehd\u00e4 ymp\u00e4ri vuoden?<\/div>\r\n<div class=\"faq-answer\">\r\nKyll\u00e4, asennus on mahdollista my\u00f6s talvella, jos tontille on p\u00e4\u00e4sy ja olosuhteet ovat sopivat.\r\n<\/div>\r\n<\/div>\r\n\r\n<div class=\"faq-item\">\r\n<div class=\"faq-question\">Huolehditteko asennuksesta itse?<\/div>\r\n<div class=\"faq-answer\">\r\nKyll\u00e4. Asennuksen suorittaa ammattitaitoinen ja kokenut tiimi. Halutessaan asiakas voi my\u00f6s asentaa moduulin itse.\r\n<\/div>\r\n<\/div>\r\n\r\n<div class=\"faq-item\">\r\n<div class=\"faq-question\">Vaikuttaako asennus ymp\u00e4rist\u00f6\u00f6n?<\/div>\r\n<div class=\"faq-answer\">\r\nAsennus on nopea ja ymp\u00e4rist\u00f6vaikutukset ovat v\u00e4h\u00e4iset. Suurin osa ty\u00f6st\u00e4 tehd\u00e4\u00e4n tehtaassa, joten melu ja ty\u00f6maatoiminta tontilla ovat minimaalisia.\r\n<\/div>\r\n<\/div>\r\n\r\n<div class=\"faq-item\">\r\n<div class=\"faq-question\">J\u00e4rjest\u00e4ttek\u00f6 kuljetuksen?<\/div>\r\n<div class=\"faq-answer\">\r\nKyll\u00e4. J\u00e4rjest\u00e4mme moduulien kuljetuksen tehtaalta asiakkaan tontille. Asiakas voi halutessaan j\u00e4rjest\u00e4\u00e4 kuljetuksen my\u00f6s itse.\r\n<\/div>\r\n<\/div>\r\n\r\n<div class=\"faq-item\">\r\n<div class=\"faq-question\">Kuinka kauan kuljetus kest\u00e4\u00e4?<\/div>\r\n<div class=\"faq-answer\">\r\nKuljetusaika riippuu sijainnista ja logistiikasta ja on yleens\u00e4 alkaen 2 p\u00e4iv\u00e4\u00e4. Kuljetus suunnitellaan aina yhdess\u00e4 asennuksen aikataulun kanssa.\r\n<\/div>\r\n<\/div>\r\n\r\n<div class=\"faq-item\">\r\n<div class=\"faq-question\">Voiko talomalleja muokata?<\/div>\r\n<div class=\"faq-answer\">\r\nKyll\u00e4. Pohjaratkaisuja, viimeistelyj\u00e4 ja teknisi\u00e4 ratkaisuja voidaan muokata asiakkaan tarpeiden mukaan.\r\n<\/div>\r\n<\/div>\r\n\r\n<div class=\"faq-item\">\r\n<div class=\"faq-question\">Onko mahdollista tilata yksil\u00f6llinen projekti?<\/div>\r\n<div class=\"faq-answer\">\r\nKyll\u00e4. Tarjoamme my\u00f6s yksil\u00f6llist\u00e4 suunnittelua asiakkaan toiveiden mukaan.\r\n<\/div>\r\n<\/div>\r\n\r\n<div class=\"faq-item\">\r\n<div class=\"faq-question\">Millaisia viimeistelyvaihtoehtoja tarjoatte?<\/div>\r\n<div class=\"faq-answer\">\r\nTarjoamme laajan valikoiman sis\u00e4- ja ulkoverhousmateriaaleja. Asiakas voi my\u00f6s l\u00e4hett\u00e4\u00e4 inspiraatiokuvia, joiden pohjalta l\u00f6yd\u00e4mme sopivan ratkaisun.\r\n<\/div>\r\n<\/div>\r\n\r\n<div class=\"faq-item\">\r\n<div class=\"faq-question\">Voiko sis\u00e4- ja ulkoviimeistelyn valita erikseen?<\/div>\r\n<div class=\"faq-answer\">\r\nKyll\u00e4. Sis\u00e4- ja ulkoviimeistely voidaan valita erikseen asiakkaan mieltymysten mukaan.\r\n<\/div>\r\n<\/div>\r\n\r\n<div class=\"faq-item\">\r\n<div class=\"faq-question\">Voiko taloa laajentaa my\u00f6hemmin?<\/div>\r\n<div class=\"faq-answer\">\r\nKyll\u00e4. Moduulitaloja voidaan laajentaa my\u00f6hemmin lis\u00e4moduuleilla.\r\n<\/div>\r\n<\/div>\r\n\r\n<div class=\"faq-item\">\r\n<div class=\"faq-question\">Mist\u00e4 moduulitalon hinta muodostuu?<\/div>\r\n<div class=\"faq-answer\">\r\nHinta riippuu koosta, mallista, ratkaisusta, viimeistelyst\u00e4 ja valituista lis\u00e4palveluista.\r\n<\/div>\r\n<\/div>\r\n\r\n<div class=\"faq-item\">\r\n<div class=\"faq-question\">Sis\u00e4ltyv\u00e4tk\u00f6 kuljetus ja asennus hintaan?<\/div>\r\n<div class=\"faq-answer\">\r\nSe riippuu sopimuksesta. Saatavilla on my\u00f6s avaimet k\u00e4teen -ratkaisu, joka sis\u00e4lt\u00e4\u00e4 kuljetuksen ja asennuksen.\r\n<\/div>\r\n<\/div>\r\n\r\n<div class=\"faq-item\">\r\n<div class=\"faq-question\">Mit\u00e4 lis\u00e4kustannuksia voi tulla?<\/div>\r\n<div class=\"faq-answer\">\r\nLis\u00e4kustannuksia voi synty\u00e4 esimerkiksi perustuksista, liit\u00e4nn\u00f6ist\u00e4, luvista tai erikoisratkaisuista.\r\n<\/div>\r\n<\/div>\r\n\r\n<div class=\"faq-item\">\r\n<div class=\"faq-question\">Voiko maksaa eriss\u00e4?<\/div>\r\n<div class=\"faq-answer\">\r\nMaksuehdot sovitaan yksil\u00f6llisesti. Joissakin tapauksissa maksu voidaan jakaa 2\u20133 er\u00e4\u00e4n.\r\n<\/div>\r\n<\/div>\r\n\r\n<div class=\"faq-item\">\r\n<div class=\"faq-question\">Tarvitaanko rakennuslupa?<\/div>\r\n<div class=\"faq-answer\">\r\nEnint\u00e4\u00e4n 20 m\u00b2 rakennukset eiv\u00e4t yleens\u00e4 vaadi lupaa. Suurempien kohdalla se riippuu paikallisista m\u00e4\u00e4r\u00e4yksist\u00e4.\r\n<\/div>\r\n<\/div>\r\n\r\n<div class=\"faq-item\">\r\n<div class=\"faq-question\">Autatteko lupien ja dokumenttien kanssa?<\/div>\r\n<div class=\"faq-answer\">\r\nKyll\u00e4. Autamme dokumenttien ja lupien kanssa sek\u00e4 tarjoamme tarvittaessa kokonaisvaltaisen suunnitteluratkaisun.\r\n<\/div>\r\n<\/div>\r\n\r\n<div class=\"faq-item\">\r\n<div class=\"faq-question\">Ovatko rakennukset sertifioituja?<\/div>\r\n<div class=\"faq-answer\">\r\nKyll\u00e4. Tuotanto vastaa eurooppalaisia standardeja, ja jokaisen talon mukana toimitetaan tekninen dokumentaatio.\r\n<\/div>\r\n<\/div>\r\n\r\n<div class=\"faq-item\">\r\n<div class=\"faq-question\">Kuinka energiatehokkaita moduulitalot ovat?<\/div>\r\n<div class=\"faq-answer\">\r\nModuulitalot ovat eritt\u00e4in energiatehokkaita. PIR-paneelit (100\u2013120 mm) takaavat l\u00e4mm\u00f6nl\u00e4p\u00e4isyn noin 0,22 W\/m\u00b2K ja vastaavat yleens\u00e4 energialuokkaa A tai A+.\r\n<\/div>\r\n<\/div>\r\n\r\n<div class=\"faq-item\">\r\n<div class=\"faq-question\">Millaisia l\u00e4mmitysratkaisuja voi k\u00e4ytt\u00e4\u00e4?<\/div>\r\n<div class=\"faq-answer\">\r\nMahdollisia ovat esimerkiksi lattial\u00e4mmitys, patterit, ilmastointi ja ilmal\u00e4mp\u00f6pumppu tontin olosuhteista riippuen.\r\n<\/div>\r\n<\/div>\r\n\r\n<div class=\"faq-item\">\r\n<div class=\"faq-question\">Voiko asentaa aurinkopaneelit?<\/div>\r\n<div class=\"faq-answer\">\r\nKyll\u00e4. Moduulitalot soveltuvat aurinkopaneeleille, ja voimme tarvittaessa auttaa asennuksessa.\r\n<\/div>\r\n<\/div>\r\n\r\n<div class=\"faq-item\">\r\n<div class=\"faq-question\">Millainen \u00e4\u00e4ni- ja l\u00e4mm\u00f6neristys on?<\/div>\r\n<div class=\"faq-answer\">\r\n\u00c4\u00e4ni- ja l\u00e4mm\u00f6neristys t\u00e4ytt\u00e4v\u00e4t nykyaikaiset vaatimukset. Lattia on eristetty 120 mm PIR:ll\u00e4 ja p\u00e4\u00e4llystetty OSB-levyll\u00e4 ja PVC-pinnoitteella. Katto on my\u00f6s eristetty 120 mm PIR:ll\u00e4.\r\n<\/div>\r\n<\/div>\r\n\r\n<div class=\"faq-item\">\r\n<div class=\"faq-question\">Mik\u00e4 on eristeen paksuus?<\/div>\r\n<div class=\"faq-answer\">\r\nSeiniss\u00e4 k\u00e4ytet\u00e4\u00e4n 100\u2013120 mm PIR-eristett\u00e4.\r\nLattia ja katto on eristetty 120 mm PIR:ll\u00e4.\r\n<\/div>\r\n<\/div>\r\n\r\n<div class=\"faq-item\">\r\n<div class=\"faq-question\">Sis\u00e4ltyyk\u00f6 ilmanvaihto vakiona?<\/div>\r\n<div class=\"faq-answer\">\r\nKyll\u00e4. Vakiovarustukseen kuuluu koneellinen ilmanvaihto. Erikoisratkaisut sovitaan projektikohtaisesti.\r\n<\/div>\r\n<\/div>\r\n\r\n<div class=\"faq-item\">\r\n<div class=\"faq-question\">Paljonko lis\u00e4ikkuna maksaa?<\/div>\r\n<div class=\"faq-answer\">\r\nHinta riippuu koosta ja tyypist\u00e4. Esimerkiksi 120\u00d7200 cm ikkuna maksaa noin 600 \u20ac.\r\n<\/div>\r\n<\/div>\r\n\r\n<div class=\"faq-item\">\r\n<div class=\"faq-question\">Sopiiko moduulitalo passiivitaloksi?<\/div>\r\n<div class=\"faq-answer\">\r\nTietyill\u00e4 ratkaisuilla voidaan saavuttaa eritt\u00e4in korkea energiatehokkuus.\r\n<\/div>\r\n<\/div>\r\n\r\n<div class=\"faq-item\">\r\n<div class=\"faq-question\">Mik\u00e4 takuu on voimassa?<\/div>\r\n<div class=\"faq-answer\">\r\nModuulitaloille my\u00f6nnet\u00e4\u00e4n 2 vuoden takuu.\r\n<\/div>\r\n<\/div>\r\n\r\n<div class=\"faq-item\">\r\n<div class=\"faq-question\">Tehd\u00e4\u00e4nk\u00f6 takuukorjaukset paikan p\u00e4\u00e4ll\u00e4?<\/div>\r\n<div class=\"faq-answer\">\r\nKyll\u00e4, tarvittaessa korjaukset tehd\u00e4\u00e4n paikan p\u00e4\u00e4ll\u00e4.\r\n<\/div>\r\n<\/div>\r\n\r\n<div class=\"faq-item\">\r\n<div class=\"faq-question\">Vaatiiko talo erityist\u00e4 huoltoa?<\/div>\r\n<div class=\"faq-answer\">\r\nEi. Huolto on samanlaista kuin perinteisess\u00e4 talossa. Talvella katolta tulee poistaa paksu lumikerros.\r\n<\/div>\r\n<\/div>\r\n\r\n<div class=\"faq-item\">\r\n<div class=\"faq-question\">Miten s\u00e4\u00e4olosuhteet vaikuttavat kest\u00e4vyyteen?<\/div>\r\n<div class=\"faq-answer\">\r\nLaadukkaat materiaalit ja oikea rakentaminen takaavat hyv\u00e4n kest\u00e4vyyden eri s\u00e4\u00e4olosuhteissa.\r\n<\/div>\r\n<\/div>\r\n\r\n<div class=\"faq-item\">\r\n<div class=\"faq-question\">Voiko rakennusta siirt\u00e4\u00e4?<\/div>\r\n<div class=\"faq-answer\">\r\nKyll\u00e4, riippuen ratkaisusta moduulirakennus voidaan siirt\u00e4\u00e4.\r\n<\/div>\r\n<\/div>\r\n\r\n<div class=\"faq-item\">\r\n<div class=\"faq-question\">Millainen tontti sopii?<\/div>\r\n<div class=\"faq-answer\">\r\nUseimmat tontit sopivat, jos kulku ja tekniset edellytykset ovat kunnossa.\r\n<\/div>\r\n<\/div>\r\n\r\n<div class=\"faq-item\">\r\n<div class=\"faq-question\">Voiko asentaa vaikeaan maastoon?<\/div>\r\n<div class=\"faq-answer\">\r\nKyll\u00e4, mutta se voi vaatia erityisi\u00e4 perustuksia.\r\n<\/div>\r\n<\/div>\r\n\r\n<div class=\"faq-item\">\r\n<div class=\"faq-question\">Millainen kulkuyhteys tarvitaan?<\/div>\r\n<div class=\"faq-answer\">\r\nKulkuyhteyden tulee mahdollistaa kuorma-autojen ja nosturin p\u00e4\u00e4sy.\r\n<\/div>\r\n<\/div>\r\n\r\n<div class=\"faq-item\">\r\n<div class=\"faq-question\">Onko asennus mahdollista saarilla tai syrj\u00e4isill\u00e4 alueilla?<\/div>\r\n<div class=\"faq-answer\">\r\nKyll\u00e4, mutta se vaatii erillist\u00e4 logistista suunnittelua.\r\n<\/div>\r\n<\/div>\r\n\r\n<div class=\"faq-item\">\r\n<div class=\"faq-question\">Miten yhteisty\u00f6 etenee?<\/div>\r\n<div class=\"faq-answer\">\r\nProsessi sis\u00e4lt\u00e4\u00e4 konsultoinnin, suunnittelun, tuotannon, kuljetuksen ja asennuksen valmiiseen rakennukseen asti.\r\n<\/div>\r\n<\/div>\r\n\r\n<div class=\"faq-item\">\r\n<div class=\"faq-question\">Kuinka nopeasti vastaatte?<\/div>\r\n<div class=\"faq-answer\">\r\nVastaamme yleens\u00e4 1\u20132 arkip\u00e4iv\u00e4n kuluessa.\r\n<\/div>\r\n<\/div>\r\n\r\n<div class=\"faq-item\">\r\n<div class=\"faq-question\">Tarjoatteko ilmaista konsultointia?<\/div>\r\n<div class=\"faq-answer\">\r\nKyll\u00e4. Tarjoamme ilmaisen konsultoinnin ja autamme tarvittaessa suunnittelussa.\r\n<\/div>\r\n<\/div>\r\n\r\n<div class=\"faq-item\">\r\n<div class=\"faq-question\">Voiko mallitaloa k\u00e4yd\u00e4 katsomassa?<\/div>\r\n<div class=\"faq-answer\">\r\nUlkoa voi tutustua milloin tahansa, sis\u00e4tiloihin p\u00e4\u00e4see sopimuksen mukaan.<br>\r\nOsoite: Sikupilli 19, Tallinna.\r\n<\/div>\r\n<\/div>\r\n\r\n<div class=\"faq-item\">\r\n<div class=\"faq-question\">Miten j\u00e4lkipalvelu toimii?<\/div>\r\n<div class=\"faq-answer\">\r\nTarjoamme asiakastukea my\u00f6s projektin valmistumisen j\u00e4lkeen.\r\n<\/div>\r\n<\/div>\r\n\r\n<div class=\"faq-item\">\r\n<div class=\"faq-question\">Kuinka ymp\u00e4rist\u00f6yst\u00e4v\u00e4llisi\u00e4 moduulitalot ovat?<\/div>\r\n<div class=\"faq-answer\">\r\nModuulitalot ovat ymp\u00e4rist\u00f6yst\u00e4v\u00e4llisi\u00e4 energiatehokkuuden, optimoidun tuotannon ja v\u00e4h\u00e4isemm\u00e4n rakennusj\u00e4tteen ansiosta.\r\n<\/div>\r\n<\/div>\r\n\r\n<\/div>\t\t\t\t<\/div>\n\t\t\t\t\t<\/div>\n\t\t\t\t<\/div>\n\t\t\t\t<\/div>\n\t\t","protected":false},"excerpt":{"rendered":"<p>Usein Kysytyt Kysymykset Vastaavatko moduulitalot Viron rakennusm\u00e4\u00e4r\u00e4yksi\u00e4? Kyll\u00e4. Moduulitalomme suunnitellaan ja valmistetaan voimassa olevien Viron ja Euroopan unionin rakennusm\u00e4\u00e4r\u00e4ysten ja<\/p>\n","protected":false},"author":1,"featured_media":0,"parent":0,"menu_order":0,"comment_status":"closed","ping_status":"closed","template":"","meta":{"footnotes":""},"class_list":["post-30127","page","type-page","status-publish","hentry"],"_links":{"self":[{"href":"https:\/\/modularhome.ee\/fi\/wp-json\/wp\/v2\/pages\/30127","targetHints":{"allow":["GET"]}}],"collection":[{"href":"https:\/\/modularhome.ee\/fi\/wp-json\/wp\/v2\/pages"}],"about":[{"href":"https:\/\/modularhome.ee\/fi\/wp-json\/wp\/v2\/types\/page"}],"author":[{"embeddable":true,"href":"https:\/\/modularhome.ee\/fi\/wp-json\/wp\/v2\/users\/1"}],"replies":[{"embeddable":true,"href":"https:\/\/modularhome.ee\/fi\/wp-json\/wp\/v2\/comments?post=30127"}],"version-history":[{"count":5,"href":"https:\/\/modularhome.ee\/fi\/wp-json\/wp\/v2\/pages\/30127\/revisions"}],"predecessor-version":[{"id":30967,"href":"https:\/\/modularhome.ee\/fi\/wp-json\/wp\/v2\/pages\/30127\/revisions\/30967"}],"wp:attachment":[{"href":"https:\/\/modularhome.ee\/fi\/wp-json\/wp\/v2\/media?parent=30127"}],"curies":[{"name":"wp","href":"https:\/\/api.w.org\/{rel}","templated":true}]}}