{"id":30609,"date":"2026-03-09T10:00:12","date_gmt":"2026-03-09T08:00:12","guid":{"rendered":"http:\/\/modularhome.ee.dedi7782.your-server.de\/?post_type=product&#038;p=30609"},"modified":"2026-03-27T14:41:52","modified_gmt":"2026-03-27T12:41:52","slug":"puutarhamoduulit","status":"publish","type":"product","link":"https:\/\/modularhome.ee\/fi\/modulaariset-kodit\/puutarhamoduulit\/","title":{"rendered":"Puutarhamoduulit"},"content":{"rendered":"\t\t<div data-elementor-type=\"wp-post\" data-elementor-id=\"30609\" class=\"elementor elementor-30609 elementor-30251\">\n\t\t\t\t<div class=\"wd-negative-gap elementor-element elementor-element-20cfa57 e-flex e-con-boxed e-con e-parent\" data-id=\"20cfa57\" data-element_type=\"container\" data-e-type=\"container\">\n\t\t\t\t\t<div class=\"e-con-inner\">\n\t\t\t\t<div class=\"elementor-element elementor-element-f27fd14 elementor-widget elementor-widget-wd_pricing_tables\" data-id=\"f27fd14\" data-element_type=\"widget\" data-e-type=\"widget\" data-widget_type=\"wd_pricing_tables.default\">\n\t\t\t\t<div class=\"elementor-widget-container\">\n\t\t\t\t\t\t\t<div class=\"pricing-tables-wrapper\">\n\t\t\t<div class=\"pricing-tables wd-grid-g\" style=\"--wd-col-lg:3;--wd-col-md:3;--wd-col-sm:1;--wd-gap-lg:20px;--wd-gap-sm:10px;\">\n\t\t\t\t\t\t\t\t\t\t\t\t\t\t<div class=\"wd-price-table wd-col price-style-alt\">\n\t\t\t\t\t\t<div class=\"wd-plan\">\n\t\t\t\t\t\t\t<div class=\"wd-plan-name\">\n\t\t\t\t\t\t\t\t<span class=\"wd-plan-title title\">\n\t\t\t\t\t\t\t\t\tPuutarhamoduuli 11 \u043c\u00b2\t\t\t\t\t\t\t\t<\/span>\n\t\t\t\t\t\t\t<\/div>\n\t\t\t\t\t\t<\/div>\n\n\t\t\t\t\t\t<div class=\"wd-plan-inner\">\n\t\t\t\t\t\t\t\n\t\t\t\t\t\t\t<div class=\"wd-plan-price\" style=\"\">\n\t\t\t\t\t\t\t\t\t\t\t\t\t\t\t\t\n\t\t\t\t\t\t\t\t\t\t\t\t\t\t\t\t\t<span class=\"wd-price-value\">\n\t\t\t\t\t\t\t\t\t\t8 900 \u20ac\t\t\t\t\t\t\t\t\t<\/span>\n\t\t\t\t\t\t\t\t\t\t\t\t\t\t\t\t\n\t\t\t\t\t\t\t\t\t\t\t\t\t\t\t\t\t<span class=\"wd-price-suffix\">\n\t\t\t\t\t\t\t\t\t\t+ ALV\t\t\t\t\t\t\t\t\t<\/span>\n\t\t\t\t\t\t\t\t\t\t\t\t\t\t\t<\/div>\n\n\t\t\t\t\t\t\t\t\t\t\t\t\t\t\t<div class=\"wd-plan-features\">\n\t\t\t\t\t\t\t\t\t\t\t\t\t\t\t\t\t\t\t<div class=\"wd-plan-feature\">\n\t\t\t\t\t\t\t\t\t\t\tUlkopituus: 3x4m\t\t\t\t\t\t\t\t\t\t<\/div>\n\t\t\t\t\t\t\t\t\t\t\t\t\t\t\t\t\t<\/div>\n\t\t\t\t\t\t\t\n\t\t\t\t\t\t\t<div class=\"wd-plan-footer\">\n\t\t\t\t\t\t\t\t\t\t\t\t\t\t\t\t\t\t\t\t\t\t\t\t\t\t\t<a  href=\"\/fi\/yhteystiedot\/\" class=\"button price-plan-btn\">\n\t\t\t\t\t\t\t\t\t\t\tPyyd\u00e4 tarjousta\t\t\t\t\t\t\t\t\t\t<\/a>\n\t\t\t\t\t\t\t\t\t\t\t\t\t\t\t\t\t\t\t\t\t\t\t\t<\/div>\n\t\t\t\t\t\t<\/div>\n\t\t\t\t\t<\/div>\n\t\t\t\t\t\t\t\t\t\t\t\t\t\t<div class=\"wd-price-table wd-col price-style-alt\">\n\t\t\t\t\t\t<div class=\"wd-plan\">\n\t\t\t\t\t\t\t<div class=\"wd-plan-name\">\n\t\t\t\t\t\t\t\t<span class=\"wd-plan-title title\">\n\t\t\t\t\t\t\t\t\tPuutarhamoduuli 19 \u043c\u00b2\t\t\t\t\t\t\t\t<\/span>\n\t\t\t\t\t\t\t<\/div>\n\t\t\t\t\t\t<\/div>\n\n\t\t\t\t\t\t<div class=\"wd-plan-inner\">\n\t\t\t\t\t\t\t\n\t\t\t\t\t\t\t<div class=\"wd-plan-price\" style=\"\">\n\t\t\t\t\t\t\t\t\t\t\t\t\t\t\t\t\n\t\t\t\t\t\t\t\t\t\t\t\t\t\t\t\t\t<span class=\"wd-price-value\">\n\t\t\t\t\t\t\t\t\t\t14 200 \u20ac\t\t\t\t\t\t\t\t\t<\/span>\n\t\t\t\t\t\t\t\t\t\t\t\t\t\t\t\t\n\t\t\t\t\t\t\t\t\t\t\t\t\t\t\t\t\t<span class=\"wd-price-suffix\">\n\t\t\t\t\t\t\t\t\t\t+ ALV\t\t\t\t\t\t\t\t\t<\/span>\n\t\t\t\t\t\t\t\t\t\t\t\t\t\t\t<\/div>\n\n\t\t\t\t\t\t\t\t\t\t\t\t\t\t\t<div class=\"wd-plan-features\">\n\t\t\t\t\t\t\t\t\t\t\t\t\t\t\t\t\t\t\t<div class=\"wd-plan-feature\">\n\t\t\t\t\t\t\t\t\t\t\tUlkopituus: 3x7m\t\t\t\t\t\t\t\t\t\t<\/div>\n\t\t\t\t\t\t\t\t\t\t\t\t\t\t\t\t\t<\/div>\n\t\t\t\t\t\t\t\n\t\t\t\t\t\t\t<div class=\"wd-plan-footer\">\n\t\t\t\t\t\t\t\t\t\t\t\t\t\t\t\t\t\t\t\t\t\t\t\t\t\t\t<a  href=\"\/fi\/yhteystiedot\/\" class=\"button price-plan-btn\">\n\t\t\t\t\t\t\t\t\t\t\tPyyd\u00e4 tarjousta\t\t\t\t\t\t\t\t\t\t<\/a>\n\t\t\t\t\t\t\t\t\t\t\t\t\t\t\t\t\t\t\t\t\t\t\t\t<\/div>\n\t\t\t\t\t\t<\/div>\n\t\t\t\t\t<\/div>\n\t\t\t\t\t\t\t\t\t\t\t\t\t\t<div class=\"wd-price-table wd-col price-style-alt\">\n\t\t\t\t\t\t<div class=\"wd-plan\">\n\t\t\t\t\t\t\t<div class=\"wd-plan-name\">\n\t\t\t\t\t\t\t\t<span class=\"wd-plan-title title\">\n\t\t\t\t\t\t\t\t\tPuutarhamoduuli 22 \u043c\u00b2\t\t\t\t\t\t\t\t<\/span>\n\t\t\t\t\t\t\t<\/div>\n\t\t\t\t\t\t<\/div>\n\n\t\t\t\t\t\t<div class=\"wd-plan-inner\">\n\t\t\t\t\t\t\t\n\t\t\t\t\t\t\t<div class=\"wd-plan-price\" style=\"\">\n\t\t\t\t\t\t\t\t\t\t\t\t\t\t\t\t\n\t\t\t\t\t\t\t\t\t\t\t\t\t\t\t\t\t<span class=\"wd-price-value\">\n\t\t\t\t\t\t\t\t\t\t16 500 \u20ac\t\t\t\t\t\t\t\t\t<\/span>\n\t\t\t\t\t\t\t\t\t\t\t\t\t\t\t\t\n\t\t\t\t\t\t\t\t\t\t\t\t\t\t\t\t\t<span class=\"wd-price-suffix\">\n\t\t\t\t\t\t\t\t\t\t+ ALV\t\t\t\t\t\t\t\t\t<\/span>\n\t\t\t\t\t\t\t\t\t\t\t\t\t\t\t<\/div>\n\n\t\t\t\t\t\t\t\t\t\t\t\t\t\t\t<div class=\"wd-plan-features\">\n\t\t\t\t\t\t\t\t\t\t\t\t\t\t\t\t\t\t\t<div class=\"wd-plan-feature\">\n\t\t\t\t\t\t\t\t\t\t\tUlkopituus: 3x8m\t\t\t\t\t\t\t\t\t\t<\/div>\n\t\t\t\t\t\t\t\t\t\t\t\t\t\t\t\t\t<\/div>\n\t\t\t\t\t\t\t\n\t\t\t\t\t\t\t<div class=\"wd-plan-footer\">\n\t\t\t\t\t\t\t\t\t\t\t\t\t\t\t\t\t\t\t\t\t\t\t\t\t\t\t<a  href=\"\/fi\/yhteystiedot\/\" class=\"button price-plan-btn\">\n\t\t\t\t\t\t\t\t\t\t\tPyyd\u00e4 tarjousta\t\t\t\t\t\t\t\t\t\t<\/a>\n\t\t\t\t\t\t\t\t\t\t\t\t\t\t\t\t\t\t\t\t\t\t\t\t<\/div>\n\t\t\t\t\t\t<\/div>\n\t\t\t\t\t<\/div>\n\t\t\t\t\t\t\t\t\t\t\t\t\t\t<div class=\"wd-price-table wd-col price-style-alt\">\n\t\t\t\t\t\t<div class=\"wd-plan\">\n\t\t\t\t\t\t\t<div class=\"wd-plan-name\">\n\t\t\t\t\t\t\t\t<span class=\"wd-plan-title title\">\n\t\t\t\t\t\t\t\t\tPuutarhamoduuli 24,5 \u043c\u00b2\t\t\t\t\t\t\t\t<\/span>\n\t\t\t\t\t\t\t<\/div>\n\t\t\t\t\t\t<\/div>\n\n\t\t\t\t\t\t<div class=\"wd-plan-inner\">\n\t\t\t\t\t\t\t\n\t\t\t\t\t\t\t<div class=\"wd-plan-price\" style=\"\">\n\t\t\t\t\t\t\t\t\t\t\t\t\t\t\t\t\n\t\t\t\t\t\t\t\t\t\t\t\t\t\t\t\t\t<span class=\"wd-price-value\">\n\t\t\t\t\t\t\t\t\t\t18 300 \u20ac\t\t\t\t\t\t\t\t\t<\/span>\n\t\t\t\t\t\t\t\t\t\t\t\t\t\t\t\t\n\t\t\t\t\t\t\t\t\t\t\t\t\t\t\t\t\t<span class=\"wd-price-suffix\">\n\t\t\t\t\t\t\t\t\t\t+ ALV\t\t\t\t\t\t\t\t\t<\/span>\n\t\t\t\t\t\t\t\t\t\t\t\t\t\t\t<\/div>\n\n\t\t\t\t\t\t\t\t\t\t\t\t\t\t\t<div class=\"wd-plan-features\">\n\t\t\t\t\t\t\t\t\t\t\t\t\t\t\t\t\t\t\t<div class=\"wd-plan-feature\">\n\t\t\t\t\t\t\t\t\t\t\tUlkopituus: 3x9m\t\t\t\t\t\t\t\t\t\t<\/div>\n\t\t\t\t\t\t\t\t\t\t\t\t\t\t\t\t\t<\/div>\n\t\t\t\t\t\t\t\n\t\t\t\t\t\t\t<div class=\"wd-plan-footer\">\n\t\t\t\t\t\t\t\t\t\t\t\t\t\t\t\t\t\t\t\t\t\t\t\t\t\t\t<a  href=\"\/fi\/yhteystiedot\/\" class=\"button price-plan-btn\">\n\t\t\t\t\t\t\t\t\t\t\tPyyd\u00e4 tarjousta\t\t\t\t\t\t\t\t\t\t<\/a>\n\t\t\t\t\t\t\t\t\t\t\t\t\t\t\t\t\t\t\t\t\t\t\t\t<\/div>\n\t\t\t\t\t\t<\/div>\n\t\t\t\t\t<\/div>\n\t\t\t\t\t\t\t\t\t\t\t\t\t\t<div class=\"wd-price-table wd-col price-style-alt\">\n\t\t\t\t\t\t<div class=\"wd-plan\">\n\t\t\t\t\t\t\t<div class=\"wd-plan-name\">\n\t\t\t\t\t\t\t\t<span class=\"wd-plan-title title\">\n\t\t\t\t\t\t\t\t\tPuutarhamoduuli 27 \u043c\u00b2\t\t\t\t\t\t\t\t<\/span>\n\t\t\t\t\t\t\t<\/div>\n\t\t\t\t\t\t<\/div>\n\n\t\t\t\t\t\t<div class=\"wd-plan-inner\">\n\t\t\t\t\t\t\t\n\t\t\t\t\t\t\t<div class=\"wd-plan-price\" style=\"\">\n\t\t\t\t\t\t\t\t\t\t\t\t\t\t\t\t\n\t\t\t\t\t\t\t\t\t\t\t\t\t\t\t\t\t<span class=\"wd-price-value\">\n\t\t\t\t\t\t\t\t\t\t20 000 \u20ac\t\t\t\t\t\t\t\t\t<\/span>\n\t\t\t\t\t\t\t\t\t\t\t\t\t\t\t\t\n\t\t\t\t\t\t\t\t\t\t\t\t\t\t\t\t\t<span class=\"wd-price-suffix\">\n\t\t\t\t\t\t\t\t\t\t+ ALV\t\t\t\t\t\t\t\t\t<\/span>\n\t\t\t\t\t\t\t\t\t\t\t\t\t\t\t<\/div>\n\n\t\t\t\t\t\t\t\t\t\t\t\t\t\t\t<div class=\"wd-plan-features\">\n\t\t\t\t\t\t\t\t\t\t\t\t\t\t\t\t\t\t\t<div class=\"wd-plan-feature\">\n\t\t\t\t\t\t\t\t\t\t\tUlkopituus: 3x10 m\t\t\t\t\t\t\t\t\t\t<\/div>\n\t\t\t\t\t\t\t\t\t\t\t\t\t\t\t\t\t<\/div>\n\t\t\t\t\t\t\t\n\t\t\t\t\t\t\t<div class=\"wd-plan-footer\">\n\t\t\t\t\t\t\t\t\t\t\t\t\t\t\t\t\t\t\t\t\t\t\t\t\t\t\t<a  href=\"\/fi\/yhteystiedot\/\" class=\"button price-plan-btn\">\n\t\t\t\t\t\t\t\t\t\t\tPyyd\u00e4 tarjousta\t\t\t\t\t\t\t\t\t\t<\/a>\n\t\t\t\t\t\t\t\t\t\t\t\t\t\t\t\t\t\t\t\t\t\t\t\t<\/div>\n\t\t\t\t\t\t<\/div>\n\t\t\t\t\t<\/div>\n\t\t\t\t\t\t\t\t\t\t\t\t\t\t<div class=\"wd-price-table wd-col price-style-alt\">\n\t\t\t\t\t\t<div class=\"wd-plan\">\n\t\t\t\t\t\t\t<div class=\"wd-plan-name\">\n\t\t\t\t\t\t\t\t<span class=\"wd-plan-title title\">\n\t\t\t\t\t\t\t\t\tVakiovarustus\t\t\t\t\t\t\t\t<\/span>\n\t\t\t\t\t\t\t<\/div>\n\t\t\t\t\t\t<\/div>\n\n\t\t\t\t\t\t<div class=\"wd-plan-inner\">\n\t\t\t\t\t\t\t\n\t\t\t\t\t\t\t<div class=\"wd-plan-price\" style=\"\">\n\t\t\t\t\t\t\t\t\t\t\t\t\t\t\t\t\n\t\t\t\t\t\t\t\t\t\t\t\t\t\t\t\t\t<span class=\"wd-price-value\">\n\t\t\t\t\t\t\t\t\t\tal. 8 900 \u20ac\t\t\t\t\t\t\t\t\t<\/span>\n\t\t\t\t\t\t\t\t\t\t\t\t\t\t\t\t\n\t\t\t\t\t\t\t\t\t\t\t\t\t\t\t\t\t<span class=\"wd-price-suffix\">\n\t\t\t\t\t\t\t\t\t\t+ ALV\t\t\t\t\t\t\t\t\t<\/span>\n\t\t\t\t\t\t\t\t\t\t\t\t\t\t\t<\/div>\n\n\t\t\t\t\t\t\t\t\t\t\t\t\t\t\t<div class=\"wd-plan-features\">\n\t\t\t\t\t\t\t\t\t\t\t\t\t\t\t\t\t\t\t<div class=\"wd-plan-feature\">\n\t\t\t\t\t\t\t\t\t\t\tKaksinkertainen lasipaketti\t\t\t\t\t\t\t\t\t\t<\/div>\n\t\t\t\t\t\t\t\t\t\t\t\t\t\t\t\t\t\t\t<div class=\"wd-plan-feature\">\n\t\t\t\t\t\t\t\t\t\t\tKosteudenkest\u00e4v\u00e4 laminaatti\t\t\t\t\t\t\t\t\t\t<\/div>\n\t\t\t\t\t\t\t\t\t\t\t\t\t\t\t\t\t\t\t<div class=\"wd-plan-feature\">\n\t\t\t\t\t\t\t\t\t\t\tLED-valaistus\t\t\t\t\t\t\t\t\t\t<\/div>\n\t\t\t\t\t\t\t\t\t\t\t\t\t\t\t\t\t\t\t<div class=\"wd-plan-feature\">\n\t\t\t\t\t\t\t\t\t\t\tPistorasiat 4 kpl\t\t\t\t\t\t\t\t\t\t<\/div>\n\t\t\t\t\t\t\t\t\t\t\t\t\t\t\t\t\t<\/div>\n\t\t\t\t\t\t\t\n\t\t\t\t\t\t\t<div class=\"wd-plan-footer\">\n\t\t\t\t\t\t\t\t\t\t\t\t\t\t\t\t\t\t\t\t\t\t\t\t\t\t\t<a  href=\"\/fi\/yhteystiedot\/\" class=\"button price-plan-btn\">\n\t\t\t\t\t\t\t\t\t\t\tPyyd\u00e4 tarjousta\t\t\t\t\t\t\t\t\t\t<\/a>\n\t\t\t\t\t\t\t\t\t\t\t\t\t\t\t\t\t\t\t\t\t\t\t\t<\/div>\n\t\t\t\t\t\t<\/div>\n\t\t\t\t\t<\/div>\n\t\t\t\t\t\t\t<\/div>\n\t\t<\/div>\n\t\t\n\t\t\t\t\t\t<\/div>\n\t\t\t\t<\/div>\n\t\t\t\t\t<\/div>\n\t\t\t\t<\/div>\n\t\t<div class=\"wd-negative-gap elementor-element elementor-element-4d4d0ce e-flex e-con-boxed e-con e-parent\" data-id=\"4d4d0ce\" data-element_type=\"container\" data-e-type=\"container\">\n\t\t\t\t\t<div class=\"e-con-inner\">\n\t\t\t\t<div class=\"elementor-element elementor-element-009a22c elementor-widget elementor-widget-wd_text_block\" data-id=\"009a22c\" data-element_type=\"widget\" data-e-type=\"widget\" data-widget_type=\"wd_text_block.default\">\n\t\t\t\t<div class=\"elementor-widget-container\">\n\t\t\t\t\t\t\t<div class=\"wd-text-block reset-last-child text-left\">\n\t\t\t\n\t\t\t<h3>Lis\u00e4varusteet<\/h3>\n<ul class=\"custom-list\">\n<li>Julkisivun valaisimet<\/li>\n<li>Terassi<\/li>\n<li>Terassi katolla<\/li>\n<\/ul>\n<p><strong style=\"color: #fe162b;\"><em>* Hinnat eiv\u00e4t sis\u00e4ll\u00e4 kuljetusta asiakkaalle, lis\u00e4varusteita tai muita lis\u00e4t\u00f6it\u00e4.<\/em><\/strong><\/p>\n\n\t\t\t\t\t<\/div>\n\t\t\t\t\t\t<\/div>\n\t\t\t\t<\/div>\n\t\t\t\t\t<\/div>\n\t\t\t\t<\/div>\n\t\t\t\t<\/div>\n\t\t","protected":false},"excerpt":{"rendered":"<p>T\u00e4ydellinen ratkaisu rentoutumiseen, ty\u00f6skentelyyn tai harrastuksiin ulkoilmassa. Sopii asennettavaksi puutarhaan, m\u00f6kkitontille tai talon pihaan.<br \/>\nSaatavana eri kokoisina ja mahdollista tilata my\u00f6s erikoiskokoisia ratkaisuja.<\/p>\n","protected":false},"featured_media":30254,"template":"","meta":[],"product_brand":[],"product_cat":[171],"product_tag":[],"class_list":{"0":"post-30609","1":"product","2":"type-product","3":"status-publish","4":"has-post-thumbnail","6":"product_cat-puutalomoduulit","8":"first","9":"instock","10":"shipping-taxable","11":"product-type-simple"},"_links":{"self":[{"href":"https:\/\/modularhome.ee\/fi\/wp-json\/wp\/v2\/product\/30609","targetHints":{"allow":["GET"]}}],"collection":[{"href":"https:\/\/modularhome.ee\/fi\/wp-json\/wp\/v2\/product"}],"about":[{"href":"https:\/\/modularhome.ee\/fi\/wp-json\/wp\/v2\/types\/product"}],"version-history":[{"count":8,"href":"https:\/\/modularhome.ee\/fi\/wp-json\/wp\/v2\/product\/30609\/revisions"}],"predecessor-version":[{"id":30804,"href":"https:\/\/modularhome.ee\/fi\/wp-json\/wp\/v2\/product\/30609\/revisions\/30804"}],"wp:featuredmedia":[{"embeddable":true,"href":"https:\/\/modularhome.ee\/fi\/wp-json\/wp\/v2\/media\/30254"}],"wp:attachment":[{"href":"https:\/\/modularhome.ee\/fi\/wp-json\/wp\/v2\/media?parent=30609"}],"wp:term":[{"taxonomy":"product_brand","embeddable":true,"href":"https:\/\/modularhome.ee\/fi\/wp-json\/wp\/v2\/product_brand?post=30609"},{"taxonomy":"product_cat","embeddable":true,"href":"https:\/\/modularhome.ee\/fi\/wp-json\/wp\/v2\/product_cat?post=30609"},{"taxonomy":"product_tag","embeddable":true,"href":"https:\/\/modularhome.ee\/fi\/wp-json\/wp\/v2\/product_tag?post=30609"}],"curies":[{"name":"wp","href":"https:\/\/api.w.org\/{rel}","templated":true}]}}